{"id":20233,"date":"2020-05-27T14:55:28","date_gmt":"2020-05-27T07:55:28","guid":{"rendered":"https:\/\/philia.vn\/co-hoi-nhan-tai-tro\/"},"modified":"2024-03-18T10:30:33","modified_gmt":"2024-03-18T03:30:33","slug":"co-hoi-nhan-tai-tro","status":"publish","type":"page","link":"https:\/\/philia.vn\/en\/co-hoi-nhan-tai-tro\/","title":{"rendered":"C\u01a1 h\u1ed9i nh\u1eadn t\u00e0i tr\u1ee3"},"content":{"rendered":"\t\t<div data-elementor-type=\"wp-page\" data-elementor-id=\"20233\" class=\"elementor elementor-20233 elementor-18503\">\n\t\t\t\t\t\t\t\t\t<section class=\"elementor-section elementor-top-section elementor-element elementor-element-fe146a2 edgtf-elementor-container-inner elementor-section-boxed elementor-section-height-default elementor-section-height-default edgtf-section edgtf-parallax-section-no\" data-id=\"fe146a2\" data-element_type=\"section\" data-settings=\"{&quot;background_background&quot;:&quot;classic&quot;}\">\n\t\t\t\t\t\t<div class=\"elementor-container elementor-column-gap-default\">\n\t\t\t\t\t<div class=\"elementor-column elementor-col-100 elementor-top-column elementor-element elementor-element-7ee8ccc\" data-id=\"7ee8ccc\" data-element_type=\"column\">\n\t\t\t<div class=\"elementor-widget-wrap elementor-element-populated\">\n\t\t\t\t\t\t\t\t<section class=\"elementor-section elementor-inner-section elementor-element elementor-element-0b13e50 edgtf-elementor-container-inner elementor-section-boxed elementor-section-height-default elementor-section-height-default edgtf-section edgtf-parallax-section-no\" data-id=\"0b13e50\" data-element_type=\"section\">\n\t\t\t\t\t\t<div class=\"elementor-container elementor-column-gap-default\">\n\t\t\t\t\t<div class=\"elementor-column elementor-col-50 elementor-inner-column elementor-element elementor-element-945989e\" data-id=\"945989e\" data-element_type=\"column\">\n\t\t\t<div class=\"elementor-widget-wrap elementor-element-populated\">\n\t\t\t\t\t\t\t\t<div class=\"elementor-element elementor-element-3607f23 elementor-widget elementor-widget-heading\" data-id=\"3607f23\" data-element_type=\"widget\" data-widget_type=\"heading.default\">\n\t\t\t\t<div class=\"elementor-widget-container\">\n\t\t\t<style>\/*! elementor - v3.18.0 - 20-12-2023 *\/\n.elementor-heading-title{padding:0;margin:0;line-height:1}.elementor-widget-heading .elementor-heading-title[class*=elementor-size-]>a{color:inherit;font-size:inherit;line-height:inherit}.elementor-widget-heading .elementor-heading-title.elementor-size-small{font-size:15px}.elementor-widget-heading .elementor-heading-title.elementor-size-medium{font-size:19px}.elementor-widget-heading .elementor-heading-title.elementor-size-large{font-size:29px}.elementor-widget-heading .elementor-heading-title.elementor-size-xl{font-size:39px}.elementor-widget-heading .elementor-heading-title.elementor-size-xxl{font-size:59px}<\/style><h2 class=\"elementor-heading-title elementor-size-default\">H\u01b0\u1edbng d\u1eabn \u0111\u0103ng k\u00fd nh\u1eadn t\u00e0i tr\u1ee3<\/h2>\t\t<\/div>\n\t\t\t\t<\/div>\n\t\t\t\t<div class=\"elementor-element elementor-element-44e9b37 elementor-widget elementor-widget-text-editor\" data-id=\"44e9b37\" data-element_type=\"widget\" data-widget_type=\"text-editor.default\">\n\t\t\t\t<div class=\"elementor-widget-container\">\n\t\t\t<style>\/*! elementor - v3.18.0 - 20-12-2023 *\/\n.elementor-widget-text-editor.elementor-drop-cap-view-stacked .elementor-drop-cap{background-color:#69727d;color:#fff}.elementor-widget-text-editor.elementor-drop-cap-view-framed .elementor-drop-cap{color:#69727d;border:3px solid;background-color:transparent}.elementor-widget-text-editor:not(.elementor-drop-cap-view-default) .elementor-drop-cap{margin-top:8px}.elementor-widget-text-editor:not(.elementor-drop-cap-view-default) .elementor-drop-cap-letter{width:1em;height:1em}.elementor-widget-text-editor .elementor-drop-cap{float:left;text-align:center;line-height:1;font-size:50px}.elementor-widget-text-editor .elementor-drop-cap-letter{display:inline-block}<\/style>\t\t\t\t<p>M\u1ed7i h\u1ed3 s\u01a1 d\u1ef1 \u00e1n c\u1ea7n \u0111\u01b0\u1ee3c tr\u00ecnh b\u00e0y theo 4 n\u1ed9i dung sau \u0111\u00e2y:<\/p><ol><li>Nhi\u1ec7m v\u1ee5<\/li><li>M\u1ee5c ti\u00eau<\/li><li>C\u00e1ch th\u1ee9c th\u1ef1c hi\u1ec7n<\/li><li>C\u00e1ch th\u1ee9c \u0111\u00e1nh gi\u00e1 k\u1ebft qu\u1ea3 d\u1ef1 \u00e1n Qu\u1ef9 \u0111\u00e1nh gi\u00e1 d\u1ef1 \u00e1n qua 3 b\u01b0\u1edbc nh\u01b0 sau:<\/li><\/ol>\t\t\t\t\t\t<\/div>\n\t\t\t\t<\/div>\n\t\t\t\t<div class=\"elementor-element elementor-element-10b5b03 elementor-align-left elementor-icon-list--layout-traditional elementor-list-item-link-full_width elementor-widget elementor-widget-icon-list\" data-id=\"10b5b03\" data-element_type=\"widget\" data-widget_type=\"icon-list.default\">\n\t\t\t\t<div class=\"elementor-widget-container\">\n\t\t\t<link rel=\"stylesheet\" href=\"https:\/\/philia.vn\/wp-content\/plugins\/elementor\/assets\/css\/widget-icon-list.min.css\">\t\t<ul class=\"elementor-icon-list-items\">\n\t\t\t\t\t\t\t<li class=\"elementor-icon-list-item\">\n\t\t\t\t\t\t\t\t\t\t\t<span class=\"elementor-icon-list-icon\">\n\t\t\t\t\t\t\t<svg aria-hidden=\"true\" class=\"e-font-icon-svg e-fas-arrow-alt-circle-right\" viewBox=\"0 0 512 512\" xmlns=\"http:\/\/www.w3.org\/2000\/svg\"><path d=\"M256 8c137 0 248 111 248 248S393 504 256 504 8 393 8 256 119 8 256 8zM140 300h116v70.9c0 10.7 13 16.1 20.5 8.5l114.3-114.9c4.7-4.7 4.7-12.2 0-16.9l-114.3-115c-7.6-7.6-20.5-2.2-20.5 8.5V212H140c-6.6 0-12 5.4-12 12v64c0 6.6 5.4 12 12 12z\"><\/path><\/svg>\t\t\t\t\t\t<\/span>\n\t\t\t\t\t\t\t\t\t\t<span class=\"elementor-icon-list-text\">B\u01b0\u1edbc 1: G\u1eedi h\u1ed3 s\u01a1 online Ti\u1ebfp nh\u1eadn h\u1ed3 s\u01a1 d\u1ef1 \u00e1n v\u00e0 s\u00e0ng l\u1ecdc d\u1ef1 \u00e1n<\/span>\n\t\t\t\t\t\t\t\t\t<\/li>\n\t\t\t\t\t\t\t\t<li class=\"elementor-icon-list-item\">\n\t\t\t\t\t\t\t\t\t\t\t<span class=\"elementor-icon-list-icon\">\n\t\t\t\t\t\t\t<svg aria-hidden=\"true\" class=\"e-font-icon-svg e-fas-arrow-alt-circle-right\" viewBox=\"0 0 512 512\" xmlns=\"http:\/\/www.w3.org\/2000\/svg\"><path d=\"M256 8c137 0 248 111 248 248S393 504 256 504 8 393 8 256 119 8 256 8zM140 300h116v70.9c0 10.7 13 16.1 20.5 8.5l114.3-114.9c4.7-4.7 4.7-12.2 0-16.9l-114.3-115c-7.6-7.6-20.5-2.2-20.5 8.5V212H140c-6.6 0-12 5.4-12 12v64c0 6.6 5.4 12 12 12z\"><\/path><\/svg>\t\t\t\t\t\t<\/span>\n\t\t\t\t\t\t\t\t\t\t<span class=\"elementor-icon-list-text\">B\u01b0\u1edbc 2: Ph\u1ecfng v\u1ea5n tr\u1ef1c tuy\u1ebfn Ph\u1ecfng v\u1ea5n tr\u1ef1c tuy\u1ebfn v\u1edbi Th\u01b0 k\u00fd Qu\u1ef9 v\u00e0 th\u00e0nh vi\u00ean Ban Qu\u1ea3n l\u00fd Qu\u1ef9<\/span>\n\t\t\t\t\t\t\t\t\t<\/li>\n\t\t\t\t\t\t\t\t<li class=\"elementor-icon-list-item\">\n\t\t\t\t\t\t\t\t\t\t\t<span class=\"elementor-icon-list-icon\">\n\t\t\t\t\t\t\t<svg aria-hidden=\"true\" class=\"e-font-icon-svg e-fas-arrow-alt-circle-right\" viewBox=\"0 0 512 512\" xmlns=\"http:\/\/www.w3.org\/2000\/svg\"><path d=\"M256 8c137 0 248 111 248 248S393 504 256 504 8 393 8 256 119 8 256 8zM140 300h116v70.9c0 10.7 13 16.1 20.5 8.5l114.3-114.9c4.7-4.7 4.7-12.2 0-16.9l-114.3-115c-7.6-7.6-20.5-2.2-20.5 8.5V212H140c-6.6 0-12 5.4-12 12v64c0 6.6 5.4 12 12 12z\"><\/path><\/svg>\t\t\t\t\t\t<\/span>\n\t\t\t\t\t\t\t\t\t\t<span class=\"elementor-icon-list-text\">B\u01b0\u1edbc 3: Ph\u1ecfng v\u1ea5n c\u00e1 nh\u00e2n\/tr\u1ef1c ti\u1ebfp Ph\u1ecfng v\u1ea5n v\u1edbi Ban qu\u1ea3n l\u00fd Qu\u1ef9<\/span>\n\t\t\t\t\t\t\t\t\t<\/li>\n\t\t\t\t\t\t<\/ul>\n\t\t\t\t<\/div>\n\t\t\t\t<\/div>\n\t\t\t\t\t<\/div>\n\t\t<\/div>\n\t\t\t\t<div class=\"elementor-column elementor-col-50 elementor-inner-column elementor-element elementor-element-cba914a\" data-id=\"cba914a\" data-element_type=\"column\">\n\t\t\t<div class=\"elementor-widget-wrap elementor-element-populated\">\n\t\t\t\t\t\t\t\t<div class=\"elementor-element elementor-element-2bbd030 elementor-widget elementor-widget-heading\" data-id=\"2bbd030\" data-element_type=\"widget\" data-widget_type=\"heading.default\">\n\t\t\t\t<div class=\"elementor-widget-container\">\n\t\t\t<h2 class=\"elementor-heading-title elementor-size-default\">B\u1ea1n c\u00f3 th\u1eafc m\u1eafc?<\/h2>\t\t<\/div>\n\t\t\t\t<\/div>\n\t\t\t\t<div class=\"elementor-element elementor-element-28c3b59 elementor-widget elementor-widget-edgtf_cf7\" data-id=\"28c3b59\" data-element_type=\"widget\" data-widget_type=\"edgtf_cf7.default\">\n\t\t\t\t<div class=\"elementor-widget-container\">\n\t\t\t    \n<div class=\"wpcf7 no-js\" id=\"wpcf7-f13143-o1\" lang=\"vi-VN\" dir=\"ltr\">\n<div class=\"screen-reader-response\"><p role=\"status\" aria-live=\"polite\" aria-atomic=\"true\"><\/p> <ul><\/ul><\/div>\n<form action=\"\/en\/wp-json\/wp\/v2\/pages\/20233#wpcf7-f13143-o1\" method=\"post\" class=\"wpcf7-form init cf7_custom_style_1\" aria-label=\"Contact form\" novalidate=\"novalidate\" data-status=\"init\">\n<div style=\"display: none;\">\n<input type=\"hidden\" name=\"_wpcf7\" value=\"13143\" \/>\n<input type=\"hidden\" name=\"_wpcf7_version\" value=\"5.8.5\" \/>\n<input type=\"hidden\" name=\"_wpcf7_locale\" value=\"vi_VN\" \/>\n<input type=\"hidden\" name=\"_wpcf7_unit_tag\" value=\"wpcf7-f13143-o1\" \/>\n<input type=\"hidden\" name=\"_wpcf7_container_post\" value=\"0\" \/>\n<input type=\"hidden\" name=\"_wpcf7_posted_data_hash\" value=\"\" \/>\n<input type=\"hidden\" name=\"_wpcf7_recaptcha_response\" value=\"\" \/>\n<\/div>\n<div><span class=\"wpcf7-form-control-wrap\" data-name=\"your-name\"><input size=\"40\" class=\"wpcf7-form-control wpcf7-text\" aria-invalid=\"false\" placeholder=\"T\u00ean\" value=\"\" type=\"text\" name=\"your-name\" \/><\/span><\/div>\n\n<div><span class=\"wpcf7-form-control-wrap\" data-name=\"email\"><input size=\"40\" class=\"wpcf7-form-control wpcf7-email wpcf7-text wpcf7-validates-as-email\" aria-invalid=\"false\" placeholder=\"Email c\u1ee7a b\u1ea1n\" value=\"\" type=\"email\" name=\"email\" \/><\/span><\/div>\n\n<div><span class=\"wpcf7-form-control-wrap\" data-name=\"your-message\"><textarea cols=\"40\" rows=\"11\" class=\"wpcf7-form-control wpcf7-textarea\" aria-invalid=\"false\" placeholder=\"Tin nh\u1eafn\" name=\"your-message\"><\/textarea><\/span><\/div>\n\n<div class=\"edgtf-cf7-submit\"><input class=\"wpcf7-form-control wpcf7-submit has-spinner\" type=\"submit\" value=\"G\u1eedi\" \/><\/div><div class=\"wpcf7-response-output\" aria-hidden=\"true\"><\/div>\n<\/form>\n<\/div>\n\t\t<\/div>\n\t\t\t\t<\/div>\n\t\t\t\t\t<\/div>\n\t\t<\/div>\n\t\t\t\t\t\t\t<\/div>\n\t\t<\/section>\n\t\t\t\t\t<\/div>\n\t\t<\/div>\n\t\t\t\t\t\t\t<\/div>\n\t\t<\/section>\n\t\t\t\t\t\t\t<\/div>\n\t\t","protected":false},"excerpt":{"rendered":"<p>\/*! elementor &#8211; v3.18.0 &#8211; 20-12-2023 *\/ .elementor-heading-title{padding:0;margin:0;line-height:1}.elementor-widget-heading .elementor-heading-title[class*=elementor-size-]&gt;a{color:inherit;font-size:inherit;line-height:inherit}.elementor-widget-heading .elementor-heading-title.elementor-size-small{font-size:15px}.elementor-widget-heading .elementor-heading-title.elementor-size-medium{font-size:19px}.elementor-widget-heading .elementor-heading-title.elementor-size-large{font-size:29px}.elementor-widget-heading .elementor-heading-title.elementor-size-xl{font-size:39px}.elementor-widget-heading .elementor-heading-title.elementor-size-xxl{font-size:59px} H\u01b0\u1edbng d\u1eabn \u0111\u0103ng k\u00fd nh\u1eadn t\u00e0i tr\u1ee3 M\u1ed7i h\u1ed3 s\u01a1 d\u1ef1 \u00e1n c\u1ea7n \u0111\u01b0\u1ee3c tr\u00ecnh b\u00e0y theo 4 n\u1ed9i dung sau \u0111\u00e2y: Nhi\u1ec7m v\u1ee5 M\u1ee5c ti\u00eau C\u00e1ch th\u1ee9c th\u1ef1c hi\u1ec7n C\u00e1ch th\u1ee9c \u0111\u00e1nh gi\u00e1 k\u1ebft qu\u1ea3 d\u1ef1 \u00e1n Qu\u1ef9 \u0111\u00e1nh gi\u00e1&#8230;<\/p>\n","protected":false},"author":1,"featured_media":0,"parent":0,"menu_order":0,"comment_status":"closed","ping_status":"closed","template":"","meta":{"footnotes":""},"class_list":["post-20233","page","type-page","status-publish","hentry"],"_links":{"self":[{"href":"https:\/\/philia.vn\/en\/wp-json\/wp\/v2\/pages\/20233","targetHints":{"allow":["GET"]}}],"collection":[{"href":"https:\/\/philia.vn\/en\/wp-json\/wp\/v2\/pages"}],"about":[{"href":"https:\/\/philia.vn\/en\/wp-json\/wp\/v2\/types\/page"}],"author":[{"embeddable":true,"href":"https:\/\/philia.vn\/en\/wp-json\/wp\/v2\/users\/1"}],"replies":[{"embeddable":true,"href":"https:\/\/philia.vn\/en\/wp-json\/wp\/v2\/comments?post=20233"}],"version-history":[{"count":2,"href":"https:\/\/philia.vn\/en\/wp-json\/wp\/v2\/pages\/20233\/revisions"}],"predecessor-version":[{"id":20771,"href":"https:\/\/philia.vn\/en\/wp-json\/wp\/v2\/pages\/20233\/revisions\/20771"}],"wp:attachment":[{"href":"https:\/\/philia.vn\/en\/wp-json\/wp\/v2\/media?parent=20233"}],"curies":[{"name":"wp","href":"https:\/\/api.w.org\/{rel}","templated":true}]}}