{"id":20234,"date":"2020-05-29T07:53:09","date_gmt":"2020-05-29T00:53:09","guid":{"rendered":"https:\/\/philia.vn\/du-an\/"},"modified":"2024-02-22T15:41:00","modified_gmt":"2024-02-22T08:41:00","slug":"du-an","status":"publish","type":"page","link":"https:\/\/philia.vn\/en\/du-an\/","title":{"rendered":"D\u1ef1 \u00e1n"},"content":{"rendered":"\t\t<div data-elementor-type=\"wp-page\" data-elementor-id=\"20234\" class=\"elementor elementor-20234 elementor-18799\">\n\t\t\t\t\t\t\t\t\t<section class=\"elementor-section elementor-top-section elementor-element elementor-element-14fdd1e edgtf-elementor-container-inner elementor-section-boxed elementor-section-height-default elementor-section-height-default edgtf-section edgtf-parallax-section-no\" data-id=\"14fdd1e\" data-element_type=\"section\">\n\t\t\t\t\t\t<div class=\"elementor-container elementor-column-gap-default\">\n\t\t\t\t\t<div class=\"elementor-column elementor-col-100 elementor-top-column elementor-element elementor-element-8c828ef\" data-id=\"8c828ef\" data-element_type=\"column\">\n\t\t\t<div class=\"elementor-widget-wrap elementor-element-populated\">\n\t\t\t\t\t\t\t\t<div class=\"elementor-element elementor-element-0ce1352 elementor-widget elementor-widget-heading\" data-id=\"0ce1352\" data-element_type=\"widget\" data-widget_type=\"heading.default\">\n\t\t\t\t<div class=\"elementor-widget-container\">\n\t\t\t<style>\/*! elementor - v3.18.0 - 20-12-2023 *\/\n.elementor-heading-title{padding:0;margin:0;line-height:1}.elementor-widget-heading .elementor-heading-title[class*=elementor-size-]>a{color:inherit;font-size:inherit;line-height:inherit}.elementor-widget-heading .elementor-heading-title.elementor-size-small{font-size:15px}.elementor-widget-heading .elementor-heading-title.elementor-size-medium{font-size:19px}.elementor-widget-heading .elementor-heading-title.elementor-size-large{font-size:29px}.elementor-widget-heading .elementor-heading-title.elementor-size-xl{font-size:39px}.elementor-widget-heading .elementor-heading-title.elementor-size-xxl{font-size:59px}<\/style><h2 class=\"elementor-heading-title elementor-size-default\">Empower youth<\/h2>\t\t<\/div>\n\t\t\t\t<\/div>\n\t\t\t\t<div class=\"elementor-element elementor-element-1dc8cd3 elementor-widget elementor-widget-edgtf_separator\" data-id=\"1dc8cd3\" data-element_type=\"widget\" data-widget_type=\"edgtf_separator.default\">\n\t\t\t\t<div class=\"elementor-widget-container\">\n\t\t\t<div class=\"edgtf-separator-holder clearfix  edgtf-separator-center edgtf-separator-normal\">\n\t<div class=\"edgtf-separator\" style=\"border-color: #FFB422;width: 55px;border-bottom-width: 3px;margin-top: 25px;margin-bottom: 25px\"><\/div>\n<\/div>\n\t\t<\/div>\n\t\t\t\t<\/div>\n\t\t\t\t<div class=\"elementor-element elementor-element-63cd9dc elementor-widget elementor-widget-qi_addons_for_elementor_blog_slider\" data-id=\"63cd9dc\" data-element_type=\"widget\" data-widget_type=\"qi_addons_for_elementor_blog_slider.default\">\n\t\t\t\t<div class=\"elementor-widget-container\">\n\t\t\t<div class=\"qodef-shortcode qodef-m home-projects qodef-addons-blog-slider qodef-item-layout--boxed qodef-info-no-icons  qodef-image--hover-zoom  qodef-qi-grid qodef-qi-swiper-container qodef-item-layout--boxed qodef-navigation--outside      qodef-navigation--hover-move\" data-options=\"{&quot;direction&quot;:&quot;horizontal&quot;,&quot;slidesPerView&quot;:&quot;3&quot;,&quot;spaceBetween&quot;:30,&quot;spaceBetweenTablet&quot;:30,&quot;spaceBetweenMobile&quot;:30,&quot;effect&quot;:&quot;&quot;,&quot;loop&quot;:true,&quot;autoplay&quot;:true,&quot;centeredSlides&quot;:false,&quot;speed&quot;:&quot;&quot;,&quot;speedAnimation&quot;:&quot;&quot;,&quot;outsideNavigation&quot;:&quot;yes&quot;,&quot;outsidePagination&quot;:&quot;no&quot;,&quot;unique&quot;:&quot;1&quot;,&quot;partialValue&quot;:0,&quot;disablePartialValue&quot;:&quot;&quot;}\">\n\t<div class=\"swiper-wrapper\">\n\t\t<article class=\"qodef-e qodef-blog-item swiper-slide qodef-item--full post-20243 post type-post status-publish format-standard has-post-thumbnail hentry category-du-an-philia-en category-du-an-viet-nam-en category-empower-youth-en category-philia-love-en category-tin-viet-nam-en\">\n\t<div class=\"qodef-e-inner\">\n\t\t<div class=\"qodef-e-media-holder\">\n\t\t\t<div class=\"qodef-e-media\">\n\t\t<div class=\"qodef-e-media-image\">\n\t\t<a itemprop=\"url\" href=\"https:\/\/philia.vn\/en\/tu-thien-an-giang-2023\/\">\n\t\t\t<img fetchpriority=\"high\" decoding=\"async\" width=\"2560\" height=\"1707\" src=\"https:\/\/philia.vn\/wp-content\/uploads\/2023\/12\/Philia-nu-cuoi-cho-em-An-Giang-2023-scaled.jpg\" class=\"attachment-full size-full\" alt=\"Philia n\u1ee5 c\u01b0\u1eddi cho em An Giang 2023\" srcset=\"https:\/\/philia.vn\/wp-content\/uploads\/2023\/12\/Philia-nu-cuoi-cho-em-An-Giang-2023-scaled.jpg 2560w, https:\/\/philia.vn\/wp-content\/uploads\/2023\/12\/Philia-nu-cuoi-cho-em-An-Giang-2023-300x200.jpg 300w, https:\/\/philia.vn\/wp-content\/uploads\/2023\/12\/Philia-nu-cuoi-cho-em-An-Giang-2023-1024x683.jpg 1024w, https:\/\/philia.vn\/wp-content\/uploads\/2023\/12\/Philia-nu-cuoi-cho-em-An-Giang-2023-768x512.jpg 768w, https:\/\/philia.vn\/wp-content\/uploads\/2023\/12\/Philia-nu-cuoi-cho-em-An-Giang-2023-1536x1024.jpg 1536w\" sizes=\"(max-width: 2560px) 100vw, 2560px\" \/>\t\t<\/a>\n\t\t\t<\/div>\n<\/div>\n\t\t<\/div>\n\t\t<div class=\"qodef-e-content\">\n\t\t\t\t\t\t<div class=\"qodef-e-text\">\n\t\t\t\t<h3 itemprop=\"name\" class=\"qodef-e-title entry-title\">\n\t<a itemprop=\"url\" class=\"qodef-e-title-link\" href=\"https:\/\/philia.vn\/en\/tu-thien-an-giang-2023\/\">\n\t\tT\u1eea THI\u1ec6N AN GIANG 2023\t<\/a>\n<\/h3>\n\t\t<p itemprop=\"description\" class=\"qodef-e-excerpt\">\n\t\t\tT\u1eea THI\u1ec6N AN GIANG 2023 Chuy\u1ebfn t\u1eeb thi\u1ec7n An Giang 2023, v\u1edbi s\u1ee9 m\u1ec7nh mang ni\u1ec1m vui v\u00e0 n\u1ee5 c\u01b0\u1eddi t\u1edbi nh\u1eefng v\u00f9ng s\u00e2u, v\u00f9ng xa. C\u00f9ng vui ch\u01a1i v\u00e0 \u0111em l\u1ea1i kh\u00f4ng gian t\u00edch \t\t<\/p>\n\t\t\t\t<\/div>\n\t\t\t\t\t<\/div>\n\t<\/div>\n<\/article>\n<article class=\"qodef-e qodef-blog-item swiper-slide qodef-item--full post-20242 post type-post status-publish format-standard has-post-thumbnail hentry category-du-an-philia-en category-du-an-viet-nam-en category-empower-youth-en category-philia-love-en category-tin-viet-nam-en\">\n\t<div class=\"qodef-e-inner\">\n\t\t<div class=\"qodef-e-media-holder\">\n\t\t\t<div class=\"qodef-e-media\">\n\t\t<div class=\"qodef-e-media-image\">\n\t\t<a itemprop=\"url\" href=\"https:\/\/philia.vn\/en\/gop-chia-yeu-thuong\/\">\n\t\t\t<img decoding=\"async\" width=\"768\" height=\"537\" src=\"https:\/\/philia.vn\/wp-content\/uploads\/2023\/12\/gop-chia-yeu-thuong-1.jpg\" class=\"attachment-full size-full\" alt=\"\" srcset=\"https:\/\/philia.vn\/wp-content\/uploads\/2023\/12\/gop-chia-yeu-thuong-1.jpg 768w, https:\/\/philia.vn\/wp-content\/uploads\/2023\/12\/gop-chia-yeu-thuong-1-300x210.jpg 300w\" sizes=\"(max-width: 768px) 100vw, 768px\" \/>\t\t<\/a>\n\t\t\t<\/div>\n<\/div>\n\t\t<\/div>\n\t\t<div class=\"qodef-e-content\">\n\t\t\t\t\t\t<div class=\"qodef-e-text\">\n\t\t\t\t<h3 itemprop=\"name\" class=\"qodef-e-title entry-title\">\n\t<a itemprop=\"url\" class=\"qodef-e-title-link\" href=\"https:\/\/philia.vn\/en\/gop-chia-yeu-thuong\/\">\n\t\tT\u1eea THI\u1ec6N TRUNG THU LONG AN 2023\t<\/a>\n<\/h3>\n\t\t<p itemprop=\"description\" class=\"qodef-e-excerpt\">\n\t\t\tT\u1eea THI\u1ec6N TRUNG THU LONG AN 2023 Chuy\u1ebfn t\u1eeb thi\u1ec7n Trung thu Long An, ng\u00e0y 24\/09\/2023 t\u1ecfa s\u00e1ng nh\u01b0 m\u1ed9t ng\u1ecdn \u0111\u00e8n hy v\u1ecdng, truy\u1ec1n t\u1ea3i kh\u00f4ng ch\u1ec9 t\u00ecnh y\u00eau th\u01b0\u01a1ng m\u00e0 c\u00f2n ni\t\t<\/p>\n\t\t\t\t<\/div>\n\t\t\t\t\t<\/div>\n\t<\/div>\n<\/article>\n\t<\/div>\n\t<\/div>\n\t\t<div class=\"swiper-button-prev swiper-button-outside swiper-button-prev-1\"><svg class=\"qodef-swiper-arrow-left\" xmlns=\"http:\/\/www.w3.org\/2000\/svg\" xmlns:xlink=\"http:\/\/www.w3.org\/1999\/xlink\" x=\"0px\" y=\"0px\" viewBox=\"0 0 34.2 32.3\" xml:space=\"preserve\" style=\"stroke-width: 2;\"><line x1=\"0.5\" y1=\"16\" x2=\"33.5\" y2=\"16\"\/><line x1=\"0.3\" y1=\"16.5\" x2=\"16.2\" y2=\"0.7\"\/><line x1=\"0\" y1=\"15.4\" x2=\"16.2\" y2=\"31.6\"\/><\/svg><\/div>\n\t<div class=\"swiper-button-next swiper-button-outside swiper-button-next-1\"><svg class=\"qodef-swiper-arrow-right\" xmlns=\"http:\/\/www.w3.org\/2000\/svg\" xmlns:xlink=\"http:\/\/www.w3.org\/1999\/xlink\" x=\"0px\" y=\"0px\" viewBox=\"0 0 34.2 32.3\" xml:space=\"preserve\" style=\"stroke-width: 2;\"><line x1=\"0\" y1=\"16\" x2=\"33\" y2=\"16\"\/><line x1=\"17.3\" y1=\"0.7\" x2=\"33.2\" y2=\"16.5\"\/><line x1=\"17.3\" y1=\"31.6\" x2=\"33.5\" y2=\"15.4\"\/><\/svg><\/div>\n\t\t\t<\/div>\n\t\t\t\t<\/div>\n\t\t\t\t<div class=\"elementor-element elementor-element-472abba elementor-align-center elementor-widget elementor-widget-button\" data-id=\"472abba\" data-element_type=\"widget\" data-widget_type=\"button.default\">\n\t\t\t\t<div class=\"elementor-widget-container\">\n\t\t\t\t\t<div class=\"elementor-button-wrapper\">\n\t\t\t<a class=\"elementor-button elementor-button-link elementor-size-md\" href=\"https:\/\/philia.vn\/du-an-philia\/empower-youth\/\">\n\t\t\t\t\t\t<span class=\"elementor-button-content-wrapper\">\n\t\t\t\t\t\t<span class=\"elementor-button-text\">Xem nhi\u1ec1u h\u01a1n<\/span>\n\t\t<\/span>\n\t\t\t\t\t<\/a>\n\t\t<\/div>\n\t\t\t\t<\/div>\n\t\t\t\t<\/div>\n\t\t\t\t\t<\/div>\n\t\t<\/div>\n\t\t\t\t\t\t\t<\/div>\n\t\t<\/section>\n\t\t\t\t<section class=\"elementor-section elementor-top-section elementor-element elementor-element-ca8dc17 edgtf-elementor-container-inner elementor-section-boxed elementor-section-height-default elementor-section-height-default edgtf-section edgtf-parallax-section-no\" data-id=\"ca8dc17\" data-element_type=\"section\" data-settings=\"{&quot;background_background&quot;:&quot;classic&quot;}\">\n\t\t\t\t\t\t<div class=\"elementor-container elementor-column-gap-default\">\n\t\t\t\t\t<div class=\"elementor-column elementor-col-100 elementor-top-column elementor-element elementor-element-54585fa\" data-id=\"54585fa\" data-element_type=\"column\">\n\t\t\t<div class=\"elementor-widget-wrap elementor-element-populated\">\n\t\t\t\t\t\t\t\t<div class=\"elementor-element elementor-element-9bab1ef elementor-widget elementor-widget-heading\" data-id=\"9bab1ef\" data-element_type=\"widget\" data-widget_type=\"heading.default\">\n\t\t\t\t<div class=\"elementor-widget-container\">\n\t\t\t<h2 class=\"elementor-heading-title elementor-size-default\">Empower Individuals<\/h2>\t\t<\/div>\n\t\t\t\t<\/div>\n\t\t\t\t<div class=\"elementor-element elementor-element-677016a elementor-widget elementor-widget-edgtf_separator\" data-id=\"677016a\" data-element_type=\"widget\" data-widget_type=\"edgtf_separator.default\">\n\t\t\t\t<div class=\"elementor-widget-container\">\n\t\t\t<div class=\"edgtf-separator-holder clearfix  edgtf-separator-center edgtf-separator-normal\">\n\t<div class=\"edgtf-separator\" style=\"border-color: #FFB422;width: 55px;border-bottom-width: 3px;margin-top: 25px;margin-bottom: 25px\"><\/div>\n<\/div>\n\t\t<\/div>\n\t\t\t\t<\/div>\n\t\t\t\t<div class=\"elementor-element elementor-element-a04a4c0 elementor-widget elementor-widget-qi_addons_for_elementor_blog_slider\" data-id=\"a04a4c0\" data-element_type=\"widget\" data-widget_type=\"qi_addons_for_elementor_blog_slider.default\">\n\t\t\t\t<div class=\"elementor-widget-container\">\n\t\t\t<div class=\"qodef-shortcode qodef-m home-projects qodef-addons-blog-slider qodef-item-layout--boxed qodef-info-no-icons  qodef-image--hover-zoom  qodef-qi-grid qodef-qi-swiper-container qodef-item-layout--boxed qodef-navigation--outside      qodef-navigation--hover-move\" data-options=\"{&quot;direction&quot;:&quot;horizontal&quot;,&quot;slidesPerView&quot;:&quot;3&quot;,&quot;spaceBetween&quot;:30,&quot;spaceBetweenTablet&quot;:30,&quot;spaceBetweenMobile&quot;:30,&quot;effect&quot;:&quot;&quot;,&quot;loop&quot;:true,&quot;autoplay&quot;:true,&quot;centeredSlides&quot;:false,&quot;speed&quot;:&quot;&quot;,&quot;speedAnimation&quot;:&quot;&quot;,&quot;outsideNavigation&quot;:&quot;yes&quot;,&quot;outsidePagination&quot;:&quot;no&quot;,&quot;unique&quot;:&quot;2&quot;,&quot;partialValue&quot;:0,&quot;disablePartialValue&quot;:&quot;&quot;}\">\n\t<div class=\"swiper-wrapper\">\n\t\t<article class=\"qodef-e qodef-blog-item swiper-slide qodef-item--full post-20244 post type-post status-publish format-standard has-post-thumbnail hentry category-du-an-philia-en category-du-an-viet-nam-en category-empower-individuals-en category-philia-talk-en category-tin-viet-nam-en\">\n\t<div class=\"qodef-e-inner\">\n\t\t<div class=\"qodef-e-media-holder\">\n\t\t\t<div class=\"qodef-e-media\">\n\t\t<div class=\"qodef-e-media-image\">\n\t\t<a itemprop=\"url\" href=\"https:\/\/philia.vn\/en\/bi-kip-phat-trien-doanh-nghiep-2024\/\">\n\t\t\t<img decoding=\"async\" width=\"768\" height=\"512\" src=\"https:\/\/philia.vn\/wp-content\/uploads\/2023\/12\/philia-TALK-2.jpg\" class=\"attachment-full size-full\" alt=\"\" srcset=\"https:\/\/philia.vn\/wp-content\/uploads\/2023\/12\/philia-TALK-2.jpg 768w, https:\/\/philia.vn\/wp-content\/uploads\/2023\/12\/philia-TALK-2-300x200.jpg 300w\" sizes=\"(max-width: 768px) 100vw, 768px\" \/>\t\t<\/a>\n\t\t\t<\/div>\n<\/div>\n\t\t<\/div>\n\t\t<div class=\"qodef-e-content\">\n\t\t\t\t\t\t<div class=\"qodef-e-text\">\n\t\t\t\t<h3 itemprop=\"name\" class=\"qodef-e-title entry-title\">\n\t<a itemprop=\"url\" class=\"qodef-e-title-link\" href=\"https:\/\/philia.vn\/en\/bi-kip-phat-trien-doanh-nghiep-2024\/\">\n\t\tB\u00cd K\u00cdP PH\u00c1T TRI\u1ec2N DOANH NGHI\u1ec6P 2024\t<\/a>\n<\/h3>\n\t\t<p itemprop=\"description\" class=\"qodef-e-excerpt\">\n\t\t\tB\u00cd K\u00cdP PH\u00c1T TRI\u1ec2N DOANH NGHI\u1ec6P 2024 V\u1edbi c\u00e1c b\u00ed k\u00edp ph\u00e1t tri\u1ec3n doanh nghi\u1ec7p 2024, \u0111\u1ec3 ph\u00e1t tri\u1ec3n doanh nghi\u1ec7p trong th\u1eddi k\u1ef3\t\t<\/p>\n\t\t\t\t<\/div>\n\t\t\t\t\t<\/div>\n\t<\/div>\n<\/article>\n\t<\/div>\n\t<\/div>\n\t\t<div class=\"swiper-button-prev swiper-button-outside swiper-button-prev-2\"><svg class=\"qodef-swiper-arrow-left\" xmlns=\"http:\/\/www.w3.org\/2000\/svg\" xmlns:xlink=\"http:\/\/www.w3.org\/1999\/xlink\" x=\"0px\" y=\"0px\" viewBox=\"0 0 34.2 32.3\" xml:space=\"preserve\" style=\"stroke-width: 2;\"><line x1=\"0.5\" y1=\"16\" x2=\"33.5\" y2=\"16\"\/><line x1=\"0.3\" y1=\"16.5\" x2=\"16.2\" y2=\"0.7\"\/><line x1=\"0\" y1=\"15.4\" x2=\"16.2\" y2=\"31.6\"\/><\/svg><\/div>\n\t<div class=\"swiper-button-next swiper-button-outside swiper-button-next-2\"><svg class=\"qodef-swiper-arrow-right\" xmlns=\"http:\/\/www.w3.org\/2000\/svg\" xmlns:xlink=\"http:\/\/www.w3.org\/1999\/xlink\" x=\"0px\" y=\"0px\" viewBox=\"0 0 34.2 32.3\" xml:space=\"preserve\" style=\"stroke-width: 2;\"><line x1=\"0\" y1=\"16\" x2=\"33\" y2=\"16\"\/><line x1=\"17.3\" y1=\"0.7\" x2=\"33.2\" y2=\"16.5\"\/><line x1=\"17.3\" y1=\"31.6\" x2=\"33.5\" y2=\"15.4\"\/><\/svg><\/div>\n\t\t\t<\/div>\n\t\t\t\t<\/div>\n\t\t\t\t<div class=\"elementor-element elementor-element-9d9bbd7 elementor-align-center elementor-widget elementor-widget-button\" data-id=\"9d9bbd7\" data-element_type=\"widget\" data-widget_type=\"button.default\">\n\t\t\t\t<div class=\"elementor-widget-container\">\n\t\t\t\t\t<div class=\"elementor-button-wrapper\">\n\t\t\t<a class=\"elementor-button elementor-button-link elementor-size-md\" href=\"https:\/\/philia.vn\/du-an-philia\/empower-individuals\/\">\n\t\t\t\t\t\t<span class=\"elementor-button-content-wrapper\">\n\t\t\t\t\t\t<span class=\"elementor-button-text\">Xem nhi\u1ec1u h\u01a1n<\/span>\n\t\t<\/span>\n\t\t\t\t\t<\/a>\n\t\t<\/div>\n\t\t\t\t<\/div>\n\t\t\t\t<\/div>\n\t\t\t\t\t<\/div>\n\t\t<\/div>\n\t\t\t\t\t\t\t<\/div>\n\t\t<\/section>\n\t\t\t\t<section class=\"elementor-section elementor-top-section elementor-element elementor-element-2df01f1 edgtf-elementor-container-inner elementor-section-boxed elementor-section-height-default elementor-section-height-default edgtf-section edgtf-parallax-section-no\" data-id=\"2df01f1\" data-element_type=\"section\">\n\t\t\t\t\t\t<div class=\"elementor-container elementor-column-gap-default\">\n\t\t\t\t\t<div class=\"elementor-column elementor-col-100 elementor-top-column elementor-element elementor-element-7c785f2\" data-id=\"7c785f2\" data-element_type=\"column\">\n\t\t\t<div class=\"elementor-widget-wrap elementor-element-populated\">\n\t\t\t\t\t\t\t\t<div class=\"elementor-element elementor-element-09c5b4b elementor-widget elementor-widget-heading\" data-id=\"09c5b4b\" data-element_type=\"widget\" data-widget_type=\"heading.default\">\n\t\t\t\t<div class=\"elementor-widget-container\">\n\t\t\t<h2 class=\"elementor-heading-title elementor-size-default\">Empower Women<\/h2>\t\t<\/div>\n\t\t\t\t<\/div>\n\t\t\t\t<div class=\"elementor-element elementor-element-1f787ed elementor-widget elementor-widget-edgtf_separator\" data-id=\"1f787ed\" data-element_type=\"widget\" data-widget_type=\"edgtf_separator.default\">\n\t\t\t\t<div class=\"elementor-widget-container\">\n\t\t\t<div class=\"edgtf-separator-holder clearfix  edgtf-separator-center edgtf-separator-normal\">\n\t<div class=\"edgtf-separator\" style=\"border-color: #FFB422;width: 55px;border-bottom-width: 3px;margin-top: 25px;margin-bottom: 25px\"><\/div>\n<\/div>\n\t\t<\/div>\n\t\t\t\t<\/div>\n\t\t\t\t<div class=\"elementor-element elementor-element-31f5b9a elementor-widget elementor-widget-qi_addons_for_elementor_blog_slider\" data-id=\"31f5b9a\" data-element_type=\"widget\" data-widget_type=\"qi_addons_for_elementor_blog_slider.default\">\n\t\t\t\t<div class=\"elementor-widget-container\">\n\t\t\t<div class=\"qodef-shortcode qodef-m home-projects qodef-addons-blog-slider qodef-item-layout--boxed qodef-info-no-icons  qodef-image--hover-zoom  qodef-qi-grid qodef-qi-swiper-container qodef-item-layout--boxed qodef-navigation--outside      qodef-navigation--hover-move\" data-options=\"{&quot;direction&quot;:&quot;horizontal&quot;,&quot;slidesPerView&quot;:&quot;3&quot;,&quot;spaceBetween&quot;:30,&quot;spaceBetweenTablet&quot;:30,&quot;spaceBetweenMobile&quot;:30,&quot;effect&quot;:&quot;&quot;,&quot;loop&quot;:true,&quot;autoplay&quot;:true,&quot;centeredSlides&quot;:false,&quot;speed&quot;:&quot;&quot;,&quot;speedAnimation&quot;:&quot;&quot;,&quot;outsideNavigation&quot;:&quot;yes&quot;,&quot;outsidePagination&quot;:&quot;no&quot;,&quot;unique&quot;:&quot;3&quot;,&quot;partialValue&quot;:0,&quot;disablePartialValue&quot;:&quot;&quot;}\">\n\t<div class=\"swiper-wrapper\">\n\t\t<p class=\"qodef-m-posts-not-found qodef-grid-item\">No posts were found for provided query parameters.<\/p>\n\t<\/div>\n\t<\/div>\n\t\t<div class=\"swiper-button-prev swiper-button-outside swiper-button-prev-3\"><svg class=\"qodef-swiper-arrow-left\" xmlns=\"http:\/\/www.w3.org\/2000\/svg\" xmlns:xlink=\"http:\/\/www.w3.org\/1999\/xlink\" x=\"0px\" y=\"0px\" viewBox=\"0 0 34.2 32.3\" xml:space=\"preserve\" style=\"stroke-width: 2;\"><line x1=\"0.5\" y1=\"16\" x2=\"33.5\" y2=\"16\"\/><line x1=\"0.3\" y1=\"16.5\" x2=\"16.2\" y2=\"0.7\"\/><line x1=\"0\" y1=\"15.4\" x2=\"16.2\" y2=\"31.6\"\/><\/svg><\/div>\n\t<div class=\"swiper-button-next swiper-button-outside swiper-button-next-3\"><svg class=\"qodef-swiper-arrow-right\" xmlns=\"http:\/\/www.w3.org\/2000\/svg\" xmlns:xlink=\"http:\/\/www.w3.org\/1999\/xlink\" x=\"0px\" y=\"0px\" viewBox=\"0 0 34.2 32.3\" xml:space=\"preserve\" style=\"stroke-width: 2;\"><line x1=\"0\" y1=\"16\" x2=\"33\" y2=\"16\"\/><line x1=\"17.3\" y1=\"0.7\" x2=\"33.2\" y2=\"16.5\"\/><line x1=\"17.3\" y1=\"31.6\" x2=\"33.5\" y2=\"15.4\"\/><\/svg><\/div>\n\t\t\t<\/div>\n\t\t\t\t<\/div>\n\t\t\t\t<div class=\"elementor-element elementor-element-1f248f2 elementor-align-center elementor-widget elementor-widget-button\" data-id=\"1f248f2\" data-element_type=\"widget\" data-widget_type=\"button.default\">\n\t\t\t\t<div class=\"elementor-widget-container\">\n\t\t\t\t\t<div class=\"elementor-button-wrapper\">\n\t\t\t<a class=\"elementor-button elementor-button-link elementor-size-md\" href=\"https:\/\/philia.vn\/du-an-philia\/empower-women\/\">\n\t\t\t\t\t\t<span class=\"elementor-button-content-wrapper\">\n\t\t\t\t\t\t<span class=\"elementor-button-text\">Xem nhi\u1ec1u h\u01a1n<\/span>\n\t\t<\/span>\n\t\t\t\t\t<\/a>\n\t\t<\/div>\n\t\t\t\t<\/div>\n\t\t\t\t<\/div>\n\t\t\t\t\t<\/div>\n\t\t<\/div>\n\t\t\t\t\t\t\t<\/div>\n\t\t<\/section>\n\t\t\t\t\t\t\t<\/div>\n\t\t","protected":false},"excerpt":{"rendered":"<p>\/*! elementor &#8211; v3.18.0 &#8211; 20-12-2023 *\/ .elementor-heading-title{padding:0;margin:0;line-height:1}.elementor-widget-heading .elementor-heading-title[class*=elementor-size-]&gt;a{color:inherit;font-size:inherit;line-height:inherit}.elementor-widget-heading .elementor-heading-title.elementor-size-small{font-size:15px}.elementor-widget-heading .elementor-heading-title.elementor-size-medium{font-size:19px}.elementor-widget-heading .elementor-heading-title.elementor-size-large{font-size:29px}.elementor-widget-heading .elementor-heading-title.elementor-size-xl{font-size:39px}.elementor-widget-heading .elementor-heading-title.elementor-size-xxl{font-size:59px} Empower youth \u0110\u00caM TRUNG THU MI\u1ec0N C\u00c1T N\u00d3NG Phan Thi\u1ebft, ng\u00e0y 29\/09\/2023 Cu\u1ed9c s\u1ed1ng gi\u1eefa mi\u1ec1n c\u00e1t n\u00f3ng, t\u1ea1i Gi\u00e1o \u0111i\u1ec3m L\u01b0\u01a1ng S\u01a1n, B\u1eafc B\u00ecnh, H. H\u00e0m Thu\u1eadn B\u1eafc, Phan Thi\u1ebft, \u0111ang l\u00e0 h\u00e0nh tr\u00ecnh \u0111\u1ea7y kh\u00f3 kh\u0103n c\u1ee7 G\u00d3P CHIA&#8230;<\/p>\n","protected":false},"author":1,"featured_media":0,"parent":0,"menu_order":0,"comment_status":"closed","ping_status":"closed","template":"full-width.php","meta":{"footnotes":""},"class_list":["post-20234","page","type-page","status-publish","hentry"],"_links":{"self":[{"href":"https:\/\/philia.vn\/en\/wp-json\/wp\/v2\/pages\/20234","targetHints":{"allow":["GET"]}}],"collection":[{"href":"https:\/\/philia.vn\/en\/wp-json\/wp\/v2\/pages"}],"about":[{"href":"https:\/\/philia.vn\/en\/wp-json\/wp\/v2\/types\/page"}],"author":[{"embeddable":true,"href":"https:\/\/philia.vn\/en\/wp-json\/wp\/v2\/users\/1"}],"replies":[{"embeddable":true,"href":"https:\/\/philia.vn\/en\/wp-json\/wp\/v2\/comments?post=20234"}],"version-history":[{"count":1,"href":"https:\/\/philia.vn\/en\/wp-json\/wp\/v2\/pages\/20234\/revisions"}],"predecessor-version":[{"id":20632,"href":"https:\/\/philia.vn\/en\/wp-json\/wp\/v2\/pages\/20234\/revisions\/20632"}],"wp:attachment":[{"href":"https:\/\/philia.vn\/en\/wp-json\/wp\/v2\/media?parent=20234"}],"curies":[{"name":"wp","href":"https:\/\/api.w.org\/{rel}","templated":true}]}}