{"id":20236,"date":"2020-05-27T15:24:49","date_gmt":"2020-05-27T08:24:49","guid":{"rendered":"https:\/\/philia.vn\/lien-he\/"},"modified":"2024-02-22T15:55:24","modified_gmt":"2024-02-22T08:55:24","slug":"lien-he","status":"publish","type":"page","link":"https:\/\/philia.vn\/en\/lien-he\/","title":{"rendered":"Li\u00ean h\u1ec7"},"content":{"rendered":"\t\t<div data-elementor-type=\"wp-page\" data-elementor-id=\"20236\" class=\"elementor elementor-20236 elementor-18564\">\n\t\t\t\t\t\t\t\t\t<section class=\"elementor-section elementor-top-section elementor-element elementor-element-e3fc9aa edgtf-elementor-container-inner elementor-section-boxed elementor-section-height-default elementor-section-height-default edgtf-section edgtf-parallax-section-no\" data-id=\"e3fc9aa\" data-element_type=\"section\">\n\t\t\t\t\t\t<div class=\"elementor-container elementor-column-gap-default\">\n\t\t\t\t\t<div class=\"elementor-column elementor-col-50 elementor-top-column elementor-element elementor-element-3db003e\" data-id=\"3db003e\" data-element_type=\"column\">\n\t\t\t<div class=\"elementor-widget-wrap elementor-element-populated\">\n\t\t\t\t\t\t\t\t<div class=\"elementor-element elementor-element-8301c6c elementor-widget elementor-widget-text-editor\" data-id=\"8301c6c\" data-element_type=\"widget\" data-widget_type=\"text-editor.default\">\n\t\t\t\t<div class=\"elementor-widget-container\">\n\t\t\t<style>\/*! elementor - v3.18.0 - 20-12-2023 *\/\n.elementor-widget-text-editor.elementor-drop-cap-view-stacked .elementor-drop-cap{background-color:#69727d;color:#fff}.elementor-widget-text-editor.elementor-drop-cap-view-framed .elementor-drop-cap{color:#69727d;border:3px solid;background-color:transparent}.elementor-widget-text-editor:not(.elementor-drop-cap-view-default) .elementor-drop-cap{margin-top:8px}.elementor-widget-text-editor:not(.elementor-drop-cap-view-default) .elementor-drop-cap-letter{width:1em;height:1em}.elementor-widget-text-editor .elementor-drop-cap{float:left;text-align:center;line-height:1;font-size:50px}.elementor-widget-text-editor .elementor-drop-cap-letter{display:inline-block}<\/style>\t\t\t\t<h2>V\u0103n Ph\u00f2ng<\/h2>\t\t\t\t\t\t<\/div>\n\t\t\t\t<\/div>\n\t\t\t\t<div class=\"elementor-element elementor-element-5c88ab9 elementor-widget elementor-widget-edgtf_separator\" data-id=\"5c88ab9\" data-element_type=\"widget\" data-widget_type=\"edgtf_separator.default\">\n\t\t\t\t<div class=\"elementor-widget-container\">\n\t\t\t<div class=\"edgtf-separator-holder clearfix  edgtf-separator-left edgtf-separator-normal\">\n\t<div class=\"edgtf-separator\" style=\"border-color: #FCBF48;width: 50px;border-bottom-width: 3px;margin-top: 25px;margin-bottom: 25px\"><\/div>\n<\/div>\n\t\t<\/div>\n\t\t\t\t<\/div>\n\t\t\t\t<div class=\"elementor-element elementor-element-1838e11 elementor-widget elementor-widget-text-editor\" data-id=\"1838e11\" data-element_type=\"widget\" data-widget_type=\"text-editor.default\">\n\t\t\t\t<div class=\"elementor-widget-container\">\n\t\t\t\t\t\t\t<p>H\u00e3y \u0111\u1ebfn v\u0103n ph\u00f2ng c\u1ee7a ch\u00fang t\u00f4i \u0111\u1ec3 trao \u0111\u1ed5i tr\u1ef1c ti\u1ebfp ho\u1eb7c g\u1ecdi \u0111i\u1ec7n v\u00e0 \u0111\u1eb7t l\u1ecbch h\u1eb9n theo th\u00f4ng tin b\u00ean d\u01b0\u1edbi.<\/p><p>Xin ch\u00e2n th\u00e0nh c\u1ea3m \u01a1n!<\/p>\t\t\t\t\t\t<\/div>\n\t\t\t\t<\/div>\n\t\t\t\t<section class=\"elementor-section elementor-inner-section elementor-element elementor-element-5656efa elementor-section-boxed elementor-section-height-default elementor-section-height-default edgtf-elementor-container-no edgtf-section edgtf-parallax-section-no\" data-id=\"5656efa\" data-element_type=\"section\">\n\t\t\t\t\t\t<div class=\"elementor-container elementor-column-gap-default\">\n\t\t\t\t\t<div class=\"elementor-column elementor-col-50 elementor-inner-column elementor-element elementor-element-a6b872c\" data-id=\"a6b872c\" data-element_type=\"column\">\n\t\t\t<div class=\"elementor-widget-wrap elementor-element-populated\">\n\t\t\t\t\t\t\t\t<div class=\"elementor-element elementor-element-6173e95 elementor-widget elementor-widget-edgtf_icon_with_text\" data-id=\"6173e95\" data-element_type=\"widget\" data-widget_type=\"edgtf_icon_with_text.default\">\n\t\t\t\t<div class=\"elementor-widget-container\">\n\t\t\t<div class=\"edgtf-iwt clearfix edgtf-iwt-icon-left edgtf-iwt-icon-tiny\">\n    <div class=\"edgtf-iwt-icon-holder\">\n                    \n    <span class=\"edgtf-icon-shortcode normal edgtf-icon-tiny\"  data-color=\"#FCBF48\">\n        \n        <span aria-hidden=\"true\" class=\"edgtf-icon-font-elegant icon_pin edgtf-icon-element\" style=\"color: #FCBF48\" ><\/span>\n            <\/span>\n\n            <\/div>\n    <div class=\"edgtf-iwt-content-holder\" >\n        <div class=\"edgtf-iwt-title-holder\">\n\t\t\t                                    <a itemprop=\"url\" class=\"edgtf-iwt-link\" href=\"#\" target=\"_self\">\n                                    <h4 >\u0110\u1ecba ch\u1ec9<\/h4>\n                                    <\/a>\n                                    <\/div>\n        <div class=\"edgtf-iwt-text-holder\">\n            <p >220\/1 Nguy\u1ec5n Tr\u1ecdng Tuy\u1ec3n, Q. Ph\u00fa Nhu\u1eadn, Tp.HCM<\/p>\n\n                    <\/div>\n    <\/div>\n<\/div>\t\t<\/div>\n\t\t\t\t<\/div>\n\t\t\t\t<div class=\"elementor-element elementor-element-d7eca68 elementor-widget elementor-widget-edgtf_icon_with_text\" data-id=\"d7eca68\" data-element_type=\"widget\" data-widget_type=\"edgtf_icon_with_text.default\">\n\t\t\t\t<div class=\"elementor-widget-container\">\n\t\t\t<div class=\"edgtf-iwt clearfix edgtf-iwt-icon-left edgtf-iwt-icon-tiny\">\n    <div class=\"edgtf-iwt-icon-holder\">\n                    \n    <span class=\"edgtf-icon-shortcode normal edgtf-icon-tiny\"  data-color=\"#FCBF48\">\n        \n        <span aria-hidden=\"true\" class=\"edgtf-icon-font-elegant icon_clock edgtf-icon-element\" style=\"color: #FCBF48\" ><\/span>\n            <\/span>\n\n            <\/div>\n    <div class=\"edgtf-iwt-content-holder\" >\n        <div class=\"edgtf-iwt-title-holder\">\n\t\t\t                                    <a itemprop=\"url\" class=\"edgtf-iwt-link\" href=\"#\" target=\"_self\">\n                                    <h4 >Th\u1eddi gian l\u00e0m vi\u1ec7c<\/h4>\n                                    <\/a>\n                                    <\/div>\n        <div class=\"edgtf-iwt-text-holder\">\n            <p >07:30 - 22:00 <\/br>\nT\u1eeb th\u1ee9 Hai \u0111\u1ebfn Ch\u1ee7 nh\u1eadt<\/p>\n\n                    <\/div>\n    <\/div>\n<\/div>\t\t<\/div>\n\t\t\t\t<\/div>\n\t\t\t\t<div class=\"elementor-element elementor-element-5cda6d3 elementor-widget elementor-widget-edgtf_icon_with_text\" data-id=\"5cda6d3\" data-element_type=\"widget\" data-widget_type=\"edgtf_icon_with_text.default\">\n\t\t\t\t<div class=\"elementor-widget-container\">\n\t\t\t<div class=\"edgtf-iwt clearfix edgtf-iwt-icon-left edgtf-iwt-icon-tiny\">\n    <div class=\"edgtf-iwt-icon-holder\">\n                    \n    <span class=\"edgtf-icon-shortcode normal edgtf-icon-tiny\"  data-color=\"#FCBF48\">\n        \n        <span aria-hidden=\"true\" class=\"edgtf-icon-font-elegant icon_clock edgtf-icon-element\" style=\"color: #FCBF48\" ><\/span>\n            <\/span>\n\n            <\/div>\n    <div class=\"edgtf-iwt-content-holder\" >\n        <div class=\"edgtf-iwt-title-holder\">\n\t\t\t                                    <a itemprop=\"url\" class=\"edgtf-iwt-link\" href=\"#\" target=\"_self\">\n                                    <h4 >Th\u1eddi gian ti\u1ebfp kh\u00e1ch<\/h4>\n                                    <\/a>\n                                    <\/div>\n        <div class=\"edgtf-iwt-text-holder\">\n            <p >09:00 - 17:30 <\/br>\nT\u1eeb th\u1ee9 Hai \u0111\u1ebfn Ch\u1ee7 nh\u1eadt<\/p>\n\n                    <\/div>\n    <\/div>\n<\/div>\t\t<\/div>\n\t\t\t\t<\/div>\n\t\t\t\t\t<\/div>\n\t\t<\/div>\n\t\t\t\t<div class=\"elementor-column elementor-col-50 elementor-inner-column elementor-element elementor-element-6f9ae53\" data-id=\"6f9ae53\" data-element_type=\"column\">\n\t\t\t<div class=\"elementor-widget-wrap elementor-element-populated\">\n\t\t\t\t\t\t\t\t<div class=\"elementor-element elementor-element-d8728da elementor-widget elementor-widget-edgtf_icon_with_text\" data-id=\"d8728da\" data-element_type=\"widget\" data-widget_type=\"edgtf_icon_with_text.default\">\n\t\t\t\t<div class=\"elementor-widget-container\">\n\t\t\t<div class=\"edgtf-iwt clearfix edgtf-iwt-icon-left edgtf-iwt-icon-tiny\">\n    <div class=\"edgtf-iwt-icon-holder\">\n                    \n    <span class=\"edgtf-icon-shortcode normal edgtf-icon-tiny\"  data-color=\"#FCBF48\">\n        \n        <span aria-hidden=\"true\" class=\"edgtf-icon-font-elegant icon_phone edgtf-icon-element\" style=\"color: #FCBF48\" ><\/span>\n            <\/span>\n\n            <\/div>\n    <div class=\"edgtf-iwt-content-holder\" >\n        <div class=\"edgtf-iwt-title-holder\">\n\t\t\t                                    <a itemprop=\"url\" class=\"edgtf-iwt-link\" href=\"#\" target=\"_self\">\n                                    <h4 >TNV li\u00ean l\u1ea1c<\/h4>\n                                    <\/a>\n                                    <\/div>\n        <div class=\"edgtf-iwt-text-holder\">\n            <p >Ms. T\u1eeb Ng\u1ecdc L\u00e2m - 0901.33.19.76<\/p>\n\n                    <\/div>\n    <\/div>\n<\/div>\t\t<\/div>\n\t\t\t\t<\/div>\n\t\t\t\t<div class=\"elementor-element elementor-element-add0d4b elementor-widget elementor-widget-edgtf_icon_with_text\" data-id=\"add0d4b\" data-element_type=\"widget\" data-widget_type=\"edgtf_icon_with_text.default\">\n\t\t\t\t<div class=\"elementor-widget-container\">\n\t\t\t<div class=\"edgtf-iwt clearfix edgtf-iwt-icon-left edgtf-iwt-icon-tiny\">\n    <div class=\"edgtf-iwt-icon-holder\">\n                    \n    <span class=\"edgtf-icon-shortcode normal edgtf-icon-tiny\"  data-color=\"#FCBF48\">\n        \n        <span aria-hidden=\"true\" class=\"edgtf-icon-font-elegant icon_phone edgtf-icon-element\" style=\"color: #FCBF48\" ><\/span>\n            <\/span>\n\n            <\/div>\n    <div class=\"edgtf-iwt-content-holder\" >\n        <div class=\"edgtf-iwt-title-holder\">\n\t\t\t                                    <a itemprop=\"url\" class=\"edgtf-iwt-link\" href=\"#\" target=\"_self\">\n                                    <h4 >\u0110\u1eb7t l\u1ecbch h\u1eb9n<\/h4>\n                                    <\/a>\n                                    <\/div>\n        <div class=\"edgtf-iwt-text-holder\">\n            <p >Li\u00ean l\u1ea1c v\u1edbi th\u01b0 k\u00fd Qu\u1ef9: <br>\nMs. H\u1ea1nh Quy\u00ean - 0901.33.19.76<\/p>\n\n                    <\/div>\n    <\/div>\n<\/div>\t\t<\/div>\n\t\t\t\t<\/div>\n\t\t\t\t<div class=\"elementor-element elementor-element-954a09c elementor-widget elementor-widget-edgtf_icon_with_text\" data-id=\"954a09c\" data-element_type=\"widget\" data-widget_type=\"edgtf_icon_with_text.default\">\n\t\t\t\t<div class=\"elementor-widget-container\">\n\t\t\t<div class=\"edgtf-iwt clearfix edgtf-iwt-icon-left edgtf-iwt-icon-tiny\">\n    <div class=\"edgtf-iwt-icon-holder\">\n                    \n    <span class=\"edgtf-icon-shortcode normal edgtf-icon-tiny\"  data-color=\"#FCBF48\">\n        \n        <span aria-hidden=\"true\" class=\"edgtf-icon-font-elegant icon_mail_alt edgtf-icon-element\" style=\"color: #FCBF48\" ><\/span>\n            <\/span>\n\n            <\/div>\n    <div class=\"edgtf-iwt-content-holder\" >\n        <div class=\"edgtf-iwt-title-holder\">\n\t\t\t                                    <a itemprop=\"url\" class=\"edgtf-iwt-link\" href=\"#\" target=\"_self\">\n                                    <h4 >Email<\/h4>\n                                    <\/a>\n                                    <\/div>\n        <div class=\"edgtf-iwt-text-holder\">\n            <p >philiafoundationvn@gmail.com<\/p>\n\n                    <\/div>\n    <\/div>\n<\/div>\t\t<\/div>\n\t\t\t\t<\/div>\n\t\t\t\t\t<\/div>\n\t\t<\/div>\n\t\t\t\t\t\t\t<\/div>\n\t\t<\/section>\n\t\t\t\t\t<\/div>\n\t\t<\/div>\n\t\t\t\t<div class=\"elementor-column elementor-col-50 elementor-top-column elementor-element elementor-element-2ebabac\" data-id=\"2ebabac\" data-element_type=\"column\">\n\t\t\t<div class=\"elementor-widget-wrap elementor-element-populated\">\n\t\t\t\t\t\t\t\t<div class=\"elementor-element elementor-element-1a54fc1 elementor-widget elementor-widget-text-editor\" data-id=\"1a54fc1\" data-element_type=\"widget\" data-widget_type=\"text-editor.default\">\n\t\t\t\t<div class=\"elementor-widget-container\">\n\t\t\t\t\t\t\t<h2>B\u1ea1n C\u00f3 Th\u1eafc M\u1eafc?<\/h2>\t\t\t\t\t\t<\/div>\n\t\t\t\t<\/div>\n\t\t\t\t<div class=\"elementor-element elementor-element-da1e3bf elementor-widget elementor-widget-edgtf_separator\" data-id=\"da1e3bf\" data-element_type=\"widget\" data-widget_type=\"edgtf_separator.default\">\n\t\t\t\t<div class=\"elementor-widget-container\">\n\t\t\t<div class=\"edgtf-separator-holder clearfix  edgtf-separator-left edgtf-separator-normal\">\n\t<div class=\"edgtf-separator\" style=\"border-color: #FCBF48;width: 50px;border-bottom-width: 3px;margin-top: 25px;margin-bottom: 25px\"><\/div>\n<\/div>\n\t\t<\/div>\n\t\t\t\t<\/div>\n\t\t\t\t<div class=\"elementor-element elementor-element-71b4c56 elementor-widget elementor-widget-text-editor\" data-id=\"71b4c56\" data-element_type=\"widget\" data-widget_type=\"text-editor.default\">\n\t\t\t\t<div class=\"elementor-widget-container\">\n\t\t\t\t\t\t\t<p>H\u00e3y \u0111\u1ec3 l\u1ea1i th\u00f4ng tin cho ch\u00fang t\u00f4i n\u1ebfu b\u1ea1n c\u00f3 b\u1ea5t k\u1ef3 c\u00e2u h\u1ecfi n\u00e0o.<\/p><p>Ch\u00fang t\u00f4i s\u1ebd ph\u1ea3n h\u1ed3i l\u1ea1i s\u1edbm nh\u1ea5t c\u00f3 th\u1ec3.<\/p>\t\t\t\t\t\t<\/div>\n\t\t\t\t<\/div>\n\t\t\t\t<div class=\"elementor-element elementor-element-c1a052d elementor-widget elementor-widget-edgtf_cf7\" data-id=\"c1a052d\" data-element_type=\"widget\" data-widget_type=\"edgtf_cf7.default\">\n\t\t\t\t<div class=\"elementor-widget-container\">\n\t\t\t    \n<div class=\"wpcf7 no-js\" id=\"wpcf7-f13143-o1\" lang=\"vi-VN\" dir=\"ltr\">\n<div class=\"screen-reader-response\"><p role=\"status\" aria-live=\"polite\" aria-atomic=\"true\"><\/p> <ul><\/ul><\/div>\n<form action=\"\/en\/wp-json\/wp\/v2\/pages\/20236#wpcf7-f13143-o1\" method=\"post\" class=\"wpcf7-form init default\" aria-label=\"Contact form\" novalidate=\"novalidate\" data-status=\"init\">\n<div style=\"display: none;\">\n<input type=\"hidden\" name=\"_wpcf7\" value=\"13143\" \/>\n<input type=\"hidden\" name=\"_wpcf7_version\" value=\"5.8.5\" \/>\n<input type=\"hidden\" name=\"_wpcf7_locale\" value=\"vi_VN\" \/>\n<input type=\"hidden\" name=\"_wpcf7_unit_tag\" value=\"wpcf7-f13143-o1\" \/>\n<input type=\"hidden\" name=\"_wpcf7_container_post\" value=\"0\" \/>\n<input type=\"hidden\" name=\"_wpcf7_posted_data_hash\" value=\"\" \/>\n<input type=\"hidden\" name=\"_wpcf7_recaptcha_response\" value=\"\" \/>\n<\/div>\n<div><span class=\"wpcf7-form-control-wrap\" data-name=\"your-name\"><input size=\"40\" class=\"wpcf7-form-control wpcf7-text\" aria-invalid=\"false\" placeholder=\"T\u00ean\" value=\"\" type=\"text\" name=\"your-name\" \/><\/span><\/div>\n\n<div><span class=\"wpcf7-form-control-wrap\" data-name=\"email\"><input size=\"40\" class=\"wpcf7-form-control wpcf7-email wpcf7-text wpcf7-validates-as-email\" aria-invalid=\"false\" placeholder=\"Email c\u1ee7a b\u1ea1n\" value=\"\" type=\"email\" name=\"email\" \/><\/span><\/div>\n\n<div><span class=\"wpcf7-form-control-wrap\" data-name=\"your-message\"><textarea cols=\"40\" rows=\"11\" class=\"wpcf7-form-control wpcf7-textarea\" aria-invalid=\"false\" placeholder=\"Tin nh\u1eafn\" name=\"your-message\"><\/textarea><\/span><\/div>\n\n<div class=\"edgtf-cf7-submit\"><input class=\"wpcf7-form-control wpcf7-submit has-spinner\" type=\"submit\" value=\"G\u1eedi\" \/><\/div><div class=\"wpcf7-response-output\" aria-hidden=\"true\"><\/div>\n<\/form>\n<\/div>\n\t\t<\/div>\n\t\t\t\t<\/div>\n\t\t\t\t\t<\/div>\n\t\t<\/div>\n\t\t\t\t\t\t\t<\/div>\n\t\t<\/section>\n\t\t\t\t<section class=\"elementor-section elementor-top-section elementor-element elementor-element-f02a678 elementor-section-full_width elementor-section-height-default elementor-section-height-default edgtf-elementor-container-no edgtf-section edgtf-parallax-section-no\" data-id=\"f02a678\" data-element_type=\"section\">\n\t\t\t\t\t\t<div class=\"elementor-container elementor-column-gap-default\">\n\t\t\t\t\t<div class=\"elementor-column elementor-col-100 elementor-top-column elementor-element elementor-element-7d60082\" data-id=\"7d60082\" data-element_type=\"column\">\n\t\t\t<div class=\"elementor-widget-wrap elementor-element-populated\">\n\t\t\t\t\t\t\t\t<div class=\"elementor-element elementor-element-8d0da61 elementor-widget elementor-widget-google_maps\" data-id=\"8d0da61\" data-element_type=\"widget\" data-widget_type=\"google_maps.default\">\n\t\t\t\t<div class=\"elementor-widget-container\">\n\t\t\t<style>\/*! elementor - v3.18.0 - 20-12-2023 *\/\n.elementor-widget-google_maps .elementor-widget-container{overflow:hidden}.elementor-widget-google_maps .elementor-custom-embed{line-height:0}.elementor-widget-google_maps iframe{height:300px}<\/style>\t\t<div class=\"elementor-custom-embed\">\n\t\t\t<iframe loading=\"lazy\"\n\t\t\t\t\tsrc=\"https:\/\/maps.google.com\/maps?q=220%2F1%20Nguy%E1%BB%85n%20Tr%E1%BB%8Dng%20Tuy%E1%BB%83n%2C%20Qu%E1%BA%ADn%20Ph%C3%BA%20Nhu%E1%BA%ADn%2C%20Tp.HCM&#038;t=m&#038;z=10&#038;output=embed&#038;iwloc=near\"\n\t\t\t\t\ttitle=\"220\/1 Nguy\u1ec5n Tr\u1ecdng Tuy\u1ec3n, Qu\u1eadn Ph\u00fa Nhu\u1eadn, Tp.HCM\"\n\t\t\t\t\taria-label=\"220\/1 Nguy\u1ec5n Tr\u1ecdng Tuy\u1ec3n, Qu\u1eadn Ph\u00fa Nhu\u1eadn, Tp.HCM\"\n\t\t\t><\/iframe>\n\t\t<\/div>\n\t\t\t\t<\/div>\n\t\t\t\t<\/div>\n\t\t\t\t\t<\/div>\n\t\t<\/div>\n\t\t\t\t\t\t\t<\/div>\n\t\t<\/section>\n\t\t\t\t\t\t\t<\/div>\n\t\t","protected":false},"excerpt":{"rendered":"<p>V\u0103n Ph\u00f2ng H\u00e3y \u0111\u1ebfn v\u0103n ph\u00f2ng c\u1ee7a ch\u00fang t\u00f4i \u0111\u1ec3 trao \u0111\u1ed5i tr\u1ef1c ti\u1ebfp ho\u1eb7c g\u1ecdi \u0111i\u1ec7n v\u00e0 \u0111\u1eb7t l\u1ecbch h\u1eb9n theo th\u00f4ng tin b\u00ean d\u01b0\u1edbi. Xin ch\u00e2n th\u00e0nh c\u1ea3m \u01a1n! &nbsp; \u0110\u1ecba ch\u1ec9 &nbsp; 220\/1 Nguy\u1ec5n Tr\u1ecdng Tuy\u1ec3n, Q. Ph\u00fa Nhu\u1eadn, Tp.HCM &nbsp; Th\u1eddi gian l\u00e0m vi\u1ec7c &nbsp; 07:30 &#8211; 22:00 T\u1eeb th\u1ee9 Hai&#8230;<\/p>\n","protected":false},"author":1,"featured_media":0,"parent":0,"menu_order":0,"comment_status":"closed","ping_status":"closed","template":"","meta":{"footnotes":""},"class_list":["post-20236","page","type-page","status-publish","hentry"],"_links":{"self":[{"href":"https:\/\/philia.vn\/en\/wp-json\/wp\/v2\/pages\/20236","targetHints":{"allow":["GET"]}}],"collection":[{"href":"https:\/\/philia.vn\/en\/wp-json\/wp\/v2\/pages"}],"about":[{"href":"https:\/\/philia.vn\/en\/wp-json\/wp\/v2\/types\/page"}],"author":[{"embeddable":true,"href":"https:\/\/philia.vn\/en\/wp-json\/wp\/v2\/users\/1"}],"replies":[{"embeddable":true,"href":"https:\/\/philia.vn\/en\/wp-json\/wp\/v2\/comments?post=20236"}],"version-history":[{"count":1,"href":"https:\/\/philia.vn\/en\/wp-json\/wp\/v2\/pages\/20236\/revisions"}],"predecessor-version":[{"id":20643,"href":"https:\/\/philia.vn\/en\/wp-json\/wp\/v2\/pages\/20236\/revisions\/20643"}],"wp:attachment":[{"href":"https:\/\/philia.vn\/en\/wp-json\/wp\/v2\/media?parent=20236"}],"curies":[{"name":"wp","href":"https:\/\/api.w.org\/{rel}","templated":true}]}}