{"id":20238,"date":"2020-05-27T15:37:36","date_gmt":"2020-05-27T08:37:36","guid":{"rendered":"https:\/\/philia.vn\/su-kien\/"},"modified":"2024-02-22T15:44:34","modified_gmt":"2024-02-22T08:44:34","slug":"su-kien","status":"publish","type":"page","link":"https:\/\/philia.vn\/en\/su-kien\/","title":{"rendered":"S\u1ef1 ki\u1ec7n"},"content":{"rendered":"\t\t<div data-elementor-type=\"wp-page\" data-elementor-id=\"20238\" class=\"elementor elementor-20238 elementor-18561\">\n\t\t\t\t\t\t\t\t\t<section class=\"elementor-section elementor-top-section elementor-element elementor-element-7b3dc72 edgtf-elementor-container-inner elementor-section-boxed elementor-section-height-default elementor-section-height-default edgtf-section edgtf-parallax-section-no\" data-id=\"7b3dc72\" data-element_type=\"section\">\n\t\t\t\t\t\t<div class=\"elementor-container elementor-column-gap-default\">\n\t\t\t\t\t<div class=\"elementor-column elementor-col-100 elementor-top-column elementor-element elementor-element-e0c9424\" data-id=\"e0c9424\" data-element_type=\"column\">\n\t\t\t<div class=\"elementor-widget-wrap elementor-element-populated\">\n\t\t\t\t\t\t\t\t<div class=\"elementor-element elementor-element-d43c849 elementor-widget elementor-widget-edgtf_event_list\" data-id=\"d43c849\" data-element_type=\"widget\" data-widget_type=\"edgtf_event_list.default\">\n\t\t\t\t<div class=\"elementor-widget-container\">\n\t\t\t<div class=\"edgtf-event-list-holder edgtf-event-list-standard edgtf-event-list-col-3\" data-next-page= \"2\" data-type= \"standard\" data-columns= \"3\" data-order-by= \"start-date\" data-order= \"ASC\" data-event-status= \"all\" data-number= \"12\" data-image-size= \"original\" data-show-more= \"none\" data-title-tag= \"h3\" data-max-num-pages = 1><div class=\"edgtf-event-list-holder-inner\" style=\"background-color: \"><div class=\"edgtf-el-item edgtf-el-item-odd\">\n\t<div class=\"edgtf-el-item-inner\">\n\t\t<div class=\"edgtf-el-item-inner-holder\">\n\t\t\t<div class=\"edgtf-el-item-image\">\n\t\t\t\t<a href=\"https:\/\/philia.vn\/en\/event\/nu-cuoi-cho-em\/\">\n\t\t\t\t\t<img fetchpriority=\"high\" decoding=\"async\" width=\"2560\" height=\"1707\" src=\"https:\/\/philia.vn\/wp-content\/uploads\/2023\/12\/Philia-nu-cuoi-cho-em-An-Giang-2023-scaled.jpg\" class=\"attachment-full size-full wp-post-image\" alt=\"Philia n\u1ee5 c\u01b0\u1eddi cho em An Giang 2023\" srcset=\"https:\/\/philia.vn\/wp-content\/uploads\/2023\/12\/Philia-nu-cuoi-cho-em-An-Giang-2023-scaled.jpg 2560w, https:\/\/philia.vn\/wp-content\/uploads\/2023\/12\/Philia-nu-cuoi-cho-em-An-Giang-2023-300x200.jpg 300w, https:\/\/philia.vn\/wp-content\/uploads\/2023\/12\/Philia-nu-cuoi-cho-em-An-Giang-2023-1024x683.jpg 1024w, https:\/\/philia.vn\/wp-content\/uploads\/2023\/12\/Philia-nu-cuoi-cho-em-An-Giang-2023-768x512.jpg 768w, https:\/\/philia.vn\/wp-content\/uploads\/2023\/12\/Philia-nu-cuoi-cho-em-An-Giang-2023-1536x1024.jpg 1536w\" sizes=\"(max-width: 2560px) 100vw, 2560px\" \/>\t\t\t\t<\/a>\n\t\t\t<\/div>\n\t\t\t\t\t\t\t<div class=\"edgtf-el-item-date\">\n\t\t\t\t\t<span class=\"edgtf-el-item-day\">16<\/span>\n\t\t\t\t\t<div class=\"edgtf-el-item-my\">\n\t\t\t\t\t\t<span class=\"edgtf-el-item-month\">Dec<\/span>\n\t\t\t\t\t<\/div>\n\t\t\t\t<\/div>\n\t\t\t\t\t\t<div class=\"edgtf-el-item-content\" >\n\t\t\t\t<div class=\"edgtf-el-item-location-title-holder\">\n\t\t\t\t\t<h3 class=\"edgtf-el-item-title\">\n\t\t\t\t\t\t<a href=\"https:\/\/philia.vn\/en\/event\/nu-cuoi-cho-em\/\"> \n\t\t\t\t\t\t\tN\u1ee4 C\u01af\u1edcI CHO EM\t\t\t\t\t\t<\/a>\n\t\t\t\t\t<\/h3>\n\t\t\t\t\t\t\t\t\t   \t\t<div class=\"edgtf-el-item-time\">\n\t\t\t\t            <span>\n\t\t\t\t            \t8:00 AM - 10 AM\t\t\t\t            <\/span>\n\t\t\t\t        <\/div>\n\t\t\t\t    \t\t\t\t    \t\t\t\t        <div class=\"edgtf-el-item-location\">\n\t\t\t\t            <span>TP.HCM<\/span>\n\t\t\t\t        <\/div>\n\t\t\t        \t\t\t        <div class=\"edgtf-el-read-more-link\">\n\t\t\t        \t<a href=\"https:\/\/philia.vn\/en\/event\/nu-cuoi-cho-em\/\">Read More<\/a>\n\t\t\t        <\/div>\n\t\t\t\t<\/div>\n\t\t\t<\/div>\n\t\t<\/div>\n\t<\/div>\n<\/div><div class=\"edgtf-el-item edgtf-el-item-even\">\n\t<div class=\"edgtf-el-item-inner\">\n\t\t<div class=\"edgtf-el-item-inner-holder\">\n\t\t\t<div class=\"edgtf-el-item-image\">\n\t\t\t\t<a href=\"https:\/\/philia.vn\/en\/event\/young-spirit\/\">\n\t\t\t\t\t<img decoding=\"async\" width=\"800\" height=\"577\" src=\"https:\/\/philia.vn\/wp-content\/uploads\/2017\/04\/h8-event-img-3.jpg\" class=\"attachment-full size-full wp-post-image\" alt=\"\" srcset=\"https:\/\/philia.vn\/wp-content\/uploads\/2017\/04\/h8-event-img-3.jpg 800w, https:\/\/philia.vn\/wp-content\/uploads\/2017\/04\/h8-event-img-3-300x216.jpg 300w, https:\/\/philia.vn\/wp-content\/uploads\/2017\/04\/h8-event-img-3-768x554.jpg 768w, https:\/\/philia.vn\/wp-content\/uploads\/2017\/04\/h8-event-img-3-600x433.jpg 600w\" sizes=\"(max-width: 800px) 100vw, 800px\" \/>\t\t\t\t<\/a>\n\t\t\t<\/div>\n\t\t\t\t\t\t\t<div class=\"edgtf-el-item-date\">\n\t\t\t\t\t<span class=\"edgtf-el-item-day\">29<\/span>\n\t\t\t\t\t<div class=\"edgtf-el-item-my\">\n\t\t\t\t\t\t<span class=\"edgtf-el-item-month\">Dec<\/span>\n\t\t\t\t\t<\/div>\n\t\t\t\t<\/div>\n\t\t\t\t\t\t<div class=\"edgtf-el-item-content\" >\n\t\t\t\t<div class=\"edgtf-el-item-location-title-holder\">\n\t\t\t\t\t<h3 class=\"edgtf-el-item-title\">\n\t\t\t\t\t\t<a href=\"https:\/\/philia.vn\/en\/event\/young-spirit\/\"> \n\t\t\t\t\t\t\tVBCI TALK SHOW\t\t\t\t\t\t<\/a>\n\t\t\t\t\t<\/h3>\n\t\t\t\t\t\t\t\t\t   \t\t<div class=\"edgtf-el-item-time\">\n\t\t\t\t            <span>\n\t\t\t\t            \t8:00 AM - 5:00 PM\t\t\t\t            <\/span>\n\t\t\t\t        <\/div>\n\t\t\t\t    \t\t\t\t    \t\t\t\t        <div class=\"edgtf-el-item-location\">\n\t\t\t\t            <span>HHCM<\/span>\n\t\t\t\t        <\/div>\n\t\t\t        \t\t\t        <div class=\"edgtf-el-read-more-link\">\n\t\t\t        \t<a href=\"https:\/\/philia.vn\/en\/event\/young-spirit\/\">Read More<\/a>\n\t\t\t        <\/div>\n\t\t\t\t<\/div>\n\t\t\t<\/div>\n\t\t<\/div>\n\t<\/div>\n<\/div><div class=\"edgtf-el-item edgtf-el-item-odd\">\n\t<div class=\"edgtf-el-item-inner\">\n\t\t<div class=\"edgtf-el-item-inner-holder\">\n\t\t\t<div class=\"edgtf-el-item-image\">\n\t\t\t\t<a href=\"https:\/\/philia.vn\/en\/event\/tet-yeu-thuong-tet-se-chia\/\">\n\t\t\t\t\t<img decoding=\"async\" width=\"2560\" height=\"1707\" src=\"https:\/\/philia.vn\/wp-content\/uploads\/2017\/04\/Tu-thien-Dong-Nai-scaled.jpg\" class=\"attachment-full size-full wp-post-image\" alt=\"T\u1eeb thi\u1ec7n \u0110\u1ed3ng Nai\" srcset=\"https:\/\/philia.vn\/wp-content\/uploads\/2017\/04\/Tu-thien-Dong-Nai-scaled.jpg 2560w, https:\/\/philia.vn\/wp-content\/uploads\/2017\/04\/Tu-thien-Dong-Nai-300x200.jpg 300w, https:\/\/philia.vn\/wp-content\/uploads\/2017\/04\/Tu-thien-Dong-Nai-1024x683.jpg 1024w, https:\/\/philia.vn\/wp-content\/uploads\/2017\/04\/Tu-thien-Dong-Nai-768x512.jpg 768w, https:\/\/philia.vn\/wp-content\/uploads\/2017\/04\/Tu-thien-Dong-Nai-1536x1024.jpg 1536w\" sizes=\"(max-width: 2560px) 100vw, 2560px\" \/>\t\t\t\t<\/a>\n\t\t\t<\/div>\n\t\t\t\t\t\t\t<div class=\"edgtf-el-item-date\">\n\t\t\t\t\t<span class=\"edgtf-el-item-day\">31<\/span>\n\t\t\t\t\t<div class=\"edgtf-el-item-my\">\n\t\t\t\t\t\t<span class=\"edgtf-el-item-month\">Dec<\/span>\n\t\t\t\t\t<\/div>\n\t\t\t\t<\/div>\n\t\t\t\t\t\t<div class=\"edgtf-el-item-content\" >\n\t\t\t\t<div class=\"edgtf-el-item-location-title-holder\">\n\t\t\t\t\t<h3 class=\"edgtf-el-item-title\">\n\t\t\t\t\t\t<a href=\"https:\/\/philia.vn\/en\/event\/tet-yeu-thuong-tet-se-chia\/\"> \n\t\t\t\t\t\t\tT\u1ebeT Y\u00caU TH\u01af\u01a0NG &#8211; T\u1ebeT S\u1eba CHIA\t\t\t\t\t\t<\/a>\n\t\t\t\t\t<\/h3>\n\t\t\t\t\t\t\t\t\t   \t\t<div class=\"edgtf-el-item-time\">\n\t\t\t\t            <span>\n\t\t\t\t            \t8:00 AM - 17:00 PM\t\t\t\t            <\/span>\n\t\t\t\t        <\/div>\n\t\t\t\t    \t\t\t\t    \t\t\t\t        <div class=\"edgtf-el-item-location\">\n\t\t\t\t            <span>\u0110\u1ed3ng Nai<\/span>\n\t\t\t\t        <\/div>\n\t\t\t        \t\t\t        <div class=\"edgtf-el-read-more-link\">\n\t\t\t        \t<a href=\"https:\/\/philia.vn\/en\/event\/tet-yeu-thuong-tet-se-chia\/\">Read More<\/a>\n\t\t\t        <\/div>\n\t\t\t\t<\/div>\n\t\t\t<\/div>\n\t\t<\/div>\n\t<\/div>\n<\/div><div class=\"edgtf-el-item edgtf-el-item-even\">\n\t<div class=\"edgtf-el-item-inner\">\n\t\t<div class=\"edgtf-el-item-inner-holder\">\n\t\t\t<div class=\"edgtf-el-item-image\">\n\t\t\t\t<a href=\"https:\/\/philia.vn\/en\/event\/philia-workshop-ve-tui\/\">\n\t\t\t\t\t<img loading=\"lazy\" decoding=\"async\" width=\"1080\" height=\"810\" src=\"https:\/\/philia.vn\/wp-content\/uploads\/2024\/01\/Philia-Workshop-ve-tui-mau-sac.jpg\" class=\"attachment-full size-full wp-post-image\" alt=\"Philia Workshop v\u1ebd t\u00fai m\u00e0u s\u1eafc\" srcset=\"https:\/\/philia.vn\/wp-content\/uploads\/2024\/01\/Philia-Workshop-ve-tui-mau-sac.jpg 1080w, https:\/\/philia.vn\/wp-content\/uploads\/2024\/01\/Philia-Workshop-ve-tui-mau-sac-300x225.jpg 300w, https:\/\/philia.vn\/wp-content\/uploads\/2024\/01\/Philia-Workshop-ve-tui-mau-sac-1024x768.jpg 1024w, https:\/\/philia.vn\/wp-content\/uploads\/2024\/01\/Philia-Workshop-ve-tui-mau-sac-768x576.jpg 768w, https:\/\/philia.vn\/wp-content\/uploads\/2024\/01\/Philia-Workshop-ve-tui-mau-sac-800x600.jpg 800w\" sizes=\"(max-width: 1080px) 100vw, 1080px\" \/>\t\t\t\t<\/a>\n\t\t\t<\/div>\n\t\t\t\t\t\t\t<div class=\"edgtf-el-item-date\">\n\t\t\t\t\t<span class=\"edgtf-el-item-day\">06<\/span>\n\t\t\t\t\t<div class=\"edgtf-el-item-my\">\n\t\t\t\t\t\t<span class=\"edgtf-el-item-month\">Jan<\/span>\n\t\t\t\t\t<\/div>\n\t\t\t\t<\/div>\n\t\t\t\t\t\t<div class=\"edgtf-el-item-content\" >\n\t\t\t\t<div class=\"edgtf-el-item-location-title-holder\">\n\t\t\t\t\t<h3 class=\"edgtf-el-item-title\">\n\t\t\t\t\t\t<a href=\"https:\/\/philia.vn\/en\/event\/philia-workshop-ve-tui\/\"> \n\t\t\t\t\t\t\tPHILIA WORKSHOP V\u1ebc T\u00daI\t\t\t\t\t\t<\/a>\n\t\t\t\t\t<\/h3>\n\t\t\t\t\t\t\t\t\t   \t\t<div class=\"edgtf-el-item-time\">\n\t\t\t\t            <span>\n\t\t\t\t            \t8:00 AM - 17:00 PM\t\t\t\t            <\/span>\n\t\t\t\t        <\/div>\n\t\t\t\t    \t\t\t\t    \t\t\t\t        <div class=\"edgtf-el-item-location\">\n\t\t\t\t            <span>TP.HCM<\/span>\n\t\t\t\t        <\/div>\n\t\t\t        \t\t\t        <div class=\"edgtf-el-read-more-link\">\n\t\t\t        \t<a href=\"https:\/\/philia.vn\/en\/event\/philia-workshop-ve-tui\/\">Read More<\/a>\n\t\t\t        <\/div>\n\t\t\t\t<\/div>\n\t\t\t<\/div>\n\t\t<\/div>\n\t<\/div>\n<\/div><div class=\"edgtf-el-item edgtf-el-item-odd\">\n\t<div class=\"edgtf-el-item-inner\">\n\t\t<div class=\"edgtf-el-item-inner-holder\">\n\t\t\t<div class=\"edgtf-el-item-image\">\n\t\t\t\t<a href=\"https:\/\/philia.vn\/en\/event\/donating-soul\/\">\n\t\t\t\t\t<img loading=\"lazy\" decoding=\"async\" width=\"2048\" height=\"1422\" src=\"https:\/\/philia.vn\/wp-content\/uploads\/2017\/04\/Philia-Workshop-khac-va-in-bao-li-xi.jpg\" class=\"attachment-full size-full wp-post-image\" alt=\"Philia Workshop kh\u1eafc v\u00e0 in bao l\u00ec x\u00ec\" srcset=\"https:\/\/philia.vn\/wp-content\/uploads\/2017\/04\/Philia-Workshop-khac-va-in-bao-li-xi.jpg 2048w, https:\/\/philia.vn\/wp-content\/uploads\/2017\/04\/Philia-Workshop-khac-va-in-bao-li-xi-300x208.jpg 300w, https:\/\/philia.vn\/wp-content\/uploads\/2017\/04\/Philia-Workshop-khac-va-in-bao-li-xi-1024x711.jpg 1024w, https:\/\/philia.vn\/wp-content\/uploads\/2017\/04\/Philia-Workshop-khac-va-in-bao-li-xi-768x533.jpg 768w, https:\/\/philia.vn\/wp-content\/uploads\/2017\/04\/Philia-Workshop-khac-va-in-bao-li-xi-1536x1067.jpg 1536w\" sizes=\"(max-width: 2048px) 100vw, 2048px\" \/>\t\t\t\t<\/a>\n\t\t\t<\/div>\n\t\t\t\t\t\t\t<div class=\"edgtf-el-item-date\">\n\t\t\t\t\t<span class=\"edgtf-el-item-day\">13<\/span>\n\t\t\t\t\t<div class=\"edgtf-el-item-my\">\n\t\t\t\t\t\t<span class=\"edgtf-el-item-month\">Jan<\/span>\n\t\t\t\t\t<\/div>\n\t\t\t\t<\/div>\n\t\t\t\t\t\t<div class=\"edgtf-el-item-content\" >\n\t\t\t\t<div class=\"edgtf-el-item-location-title-holder\">\n\t\t\t\t\t<h3 class=\"edgtf-el-item-title\">\n\t\t\t\t\t\t<a href=\"https:\/\/philia.vn\/en\/event\/donating-soul\/\"> \n\t\t\t\t\t\t\tPHILIA WORKSHOP KH\u1eaeC V\u00c0 IN BAO L\u00cc X\u00cc\t\t\t\t\t\t<\/a>\n\t\t\t\t\t<\/h3>\n\t\t\t\t\t\t\t\t\t   \t\t<div class=\"edgtf-el-item-time\">\n\t\t\t\t            <span>\n\t\t\t\t            \t8:00 AM - 17:00 PM\t\t\t\t            <\/span>\n\t\t\t\t        <\/div>\n\t\t\t\t    \t\t\t\t    \t\t\t\t        <div class=\"edgtf-el-item-location\">\n\t\t\t\t            <span>TP.HCM<\/span>\n\t\t\t\t        <\/div>\n\t\t\t        \t\t\t        <div class=\"edgtf-el-read-more-link\">\n\t\t\t        \t<a href=\"https:\/\/philia.vn\/en\/event\/donating-soul\/\">Read More<\/a>\n\t\t\t        <\/div>\n\t\t\t\t<\/div>\n\t\t\t<\/div>\n\t\t<\/div>\n\t<\/div>\n<\/div><div class=\"edgtf-el-item edgtf-el-item-even\">\n\t<div class=\"edgtf-el-item-inner\">\n\t\t<div class=\"edgtf-el-item-inner-holder\">\n\t\t\t<div class=\"edgtf-el-item-image\">\n\t\t\t\t<a href=\"https:\/\/philia.vn\/en\/event\/philia-workshop-cam-hoa\/\">\n\t\t\t\t\t<img loading=\"lazy\" decoding=\"async\" width=\"2560\" height=\"1919\" src=\"https:\/\/philia.vn\/wp-content\/uploads\/2017\/04\/hai-ban-nua-xinh-dep-tai-Philia-workshop-scaled.jpg\" class=\"attachment-full size-full wp-post-image\" alt=\"hai b\u1ea1n n\u1eefa xinh \u0111\u1eb9p t\u1ea1i Philia workshop\" srcset=\"https:\/\/philia.vn\/wp-content\/uploads\/2017\/04\/hai-ban-nua-xinh-dep-tai-Philia-workshop-scaled.jpg 2560w, https:\/\/philia.vn\/wp-content\/uploads\/2017\/04\/hai-ban-nua-xinh-dep-tai-Philia-workshop-300x225.jpg 300w, https:\/\/philia.vn\/wp-content\/uploads\/2017\/04\/hai-ban-nua-xinh-dep-tai-Philia-workshop-1024x767.jpg 1024w, https:\/\/philia.vn\/wp-content\/uploads\/2017\/04\/hai-ban-nua-xinh-dep-tai-Philia-workshop-768x576.jpg 768w, https:\/\/philia.vn\/wp-content\/uploads\/2017\/04\/hai-ban-nua-xinh-dep-tai-Philia-workshop-1536x1151.jpg 1536w, https:\/\/philia.vn\/wp-content\/uploads\/2017\/04\/hai-ban-nua-xinh-dep-tai-Philia-workshop-800x600.jpg 800w\" sizes=\"(max-width: 2560px) 100vw, 2560px\" \/>\t\t\t\t<\/a>\n\t\t\t<\/div>\n\t\t\t\t\t\t\t<div class=\"edgtf-el-item-date\">\n\t\t\t\t\t<span class=\"edgtf-el-item-day\">27<\/span>\n\t\t\t\t\t<div class=\"edgtf-el-item-my\">\n\t\t\t\t\t\t<span class=\"edgtf-el-item-month\">Jan<\/span>\n\t\t\t\t\t<\/div>\n\t\t\t\t<\/div>\n\t\t\t\t\t\t<div class=\"edgtf-el-item-content\" >\n\t\t\t\t<div class=\"edgtf-el-item-location-title-holder\">\n\t\t\t\t\t<h3 class=\"edgtf-el-item-title\">\n\t\t\t\t\t\t<a href=\"https:\/\/philia.vn\/en\/event\/philia-workshop-cam-hoa\/\"> \n\t\t\t\t\t\t\tPHILIA WORKSHOP C\u1eaeM HOA\t\t\t\t\t\t<\/a>\n\t\t\t\t\t<\/h3>\n\t\t\t\t\t\t\t\t\t   \t\t<div class=\"edgtf-el-item-time\">\n\t\t\t\t            <span>\n\t\t\t\t            \t8:00 AM - 17:00 PM\t\t\t\t            <\/span>\n\t\t\t\t        <\/div>\n\t\t\t\t    \t\t\t\t    \t\t\t\t        <div class=\"edgtf-el-item-location\">\n\t\t\t\t            <span>El Cajon<\/span>\n\t\t\t\t        <\/div>\n\t\t\t        \t\t\t        <div class=\"edgtf-el-read-more-link\">\n\t\t\t        \t<a href=\"https:\/\/philia.vn\/en\/event\/philia-workshop-cam-hoa\/\">Read More<\/a>\n\t\t\t        <\/div>\n\t\t\t\t<\/div>\n\t\t\t<\/div>\n\t\t<\/div>\n\t<\/div>\n<\/div><\/div><\/div>\t\t<\/div>\n\t\t\t\t<\/div>\n\t\t\t\t\t<\/div>\n\t\t<\/div>\n\t\t\t\t\t\t\t<\/div>\n\t\t<\/section>\n\t\t\t\t\t\t\t<\/div>\n\t\t","protected":false},"excerpt":{"rendered":"<p>16 Th12 N\u1ee4 C\u01af\u1edcI CHO EM 8:00 AM &#8211; 10 AM San Diego, CA Read More 29 Th12 VBCI TALK SHOW 8:00 AM &#8211; 5:00 PM HHCM Read More 31 Th12 T\u1ebeT \u0110ONG \u0110\u1ea6Y 8:00 AM &#8211; 17:00 PM \u0110\u1ed3ng Nai Read More 06 Th1 WORKSHOP V\u1ebc 8:00 AM &#8211; 17:00 PM TP.HCM Read More&#8230;<\/p>\n","protected":false},"author":1,"featured_media":0,"parent":0,"menu_order":0,"comment_status":"closed","ping_status":"closed","template":"full-width.php","meta":{"footnotes":""},"class_list":["post-20238","page","type-page","status-publish","hentry"],"_links":{"self":[{"href":"https:\/\/philia.vn\/en\/wp-json\/wp\/v2\/pages\/20238","targetHints":{"allow":["GET"]}}],"collection":[{"href":"https:\/\/philia.vn\/en\/wp-json\/wp\/v2\/pages"}],"about":[{"href":"https:\/\/philia.vn\/en\/wp-json\/wp\/v2\/types\/page"}],"author":[{"embeddable":true,"href":"https:\/\/philia.vn\/en\/wp-json\/wp\/v2\/users\/1"}],"replies":[{"embeddable":true,"href":"https:\/\/philia.vn\/en\/wp-json\/wp\/v2\/comments?post=20238"}],"version-history":[{"count":1,"href":"https:\/\/philia.vn\/en\/wp-json\/wp\/v2\/pages\/20238\/revisions"}],"predecessor-version":[{"id":20634,"href":"https:\/\/philia.vn\/en\/wp-json\/wp\/v2\/pages\/20238\/revisions\/20634"}],"wp:attachment":[{"href":"https:\/\/philia.vn\/en\/wp-json\/wp\/v2\/media?parent=20238"}],"curies":[{"name":"wp","href":"https:\/\/api.w.org\/{rel}","templated":true}]}}